{"id":3064,"date":"2026-03-07T14:24:33","date_gmt":"2026-03-07T13:24:33","guid":{"rendered":"https:\/\/www.solvienta.com\/partnerschaftsprojekt-der-stadt-nuernberg-mit-den-staedten-sokode-und-aneho-in-togo-2\/"},"modified":"2026-03-11T16:16:30","modified_gmt":"2026-03-11T15:16:30","slug":"referenzprojekt-business-development-im-ci-segment-fuer-mpower-ventures-ag","status":"publish","type":"page","link":"https:\/\/www.solvienta.com\/en\/projekte\/referenzprojekt-business-development-im-ci-segment-fuer-mpower-ventures-ag\/","title":{"rendered":"Partnership project of the City of Nuremberg with the cities Sokod\u00e9 and An\u00e9ho in Togo"},"content":{"rendered":"<p><\/p>\n<h2>Background<\/h2>\n<p><img loading=\"lazy\" decoding=\"async\" class=\" wp-image-2803 alignleft\" src=\"https:\/\/www.solvienta.com\/wp-content\/uploads\/2019\/11\/togo_solvienta_2-1024x678.jpg\" alt=\"\" width=\"438\" height=\"290\" srcset=\"https:\/\/www.solvienta.com\/wp-content\/uploads\/2019\/11\/togo_solvienta_2-1024x678.jpg 1024w, https:\/\/www.solvienta.com\/wp-content\/uploads\/2019\/11\/togo_solvienta_2-300x199.jpg 300w, https:\/\/www.solvienta.com\/wp-content\/uploads\/2019\/11\/togo_solvienta_2-768x509.jpg 768w, https:\/\/www.solvienta.com\/wp-content\/uploads\/2019\/11\/togo_solvienta_2.jpg 1232w\" sizes=\"(max-width: 438px) 100vw, 438px\" \/>Following a participatory selection process, the City of Nuremberg decided in 2014 to enter into a project partnership with the two municipalities Sokod\u00e9 and An\u00e9ho in Togo on the basis of Agenda 2030. Active associations exist for both cities in Nuremberg and there had already been contacts between the municipal administrations in the past. This was the reason for entering into the temporary project partnership with two cities at the same time.<\/p>\n<p>Sokod\u00e9 is the second largest city in the country with approx. 100,000 inhabitants and is located 350 km north of the capital Lom\u00e9 in the centre of the country. Sokod\u00e9 is an important commercial centre in a<br \/>\nIt includes many rural settlements in the surrounding area. An\u00e9ho is the eighth largest city in Togo, located on the coast and directly on the border with Benin, 45 km from the capital, Lom\u00e9. An\u00e9ho has about 28,000 inhabitants and lives mainly from agriculture and fishing.<\/p>\n<p>The country of Togo has almost eight million inhabitants. On the list of countries by gross domestic product per capita, Togo ranks 178th out of 192 (Germany: 19th place).<\/p>\n<p>Togo was a German colony from 1884 to 1916, after which it fell under French administration. In 1960 it became independent. From 1967 until his death in 2005 it was dictatorially ruled by Gnassingb\u00e9 Eyad\u00e9ma; since then its son Faure Gnassingb\u00e9 has held the position of President of Togo.<\/p>\n<p>At the heart of the cooperation between the three cities of Nuremberg, Sokod\u00e9 and An\u00e9ho are the municipal cooperation and the exchange of municipal expertise. The establishment and expansion of the The partnership-based intermunicipal relationships is an integral part of the measure to be implemented and the project serves the further development of local self-government in the cities of Sokod\u00e9 and An\u00e9ho. The two Nuremberg migrant associations Association du D\u00e9veloppement du Tchauodjo (ADT e.V.) and Action D\u00e9veloppement Togo (AcDT e.V.) are actively involved in shaping the project partnership.<\/p>\n<p>As part of the inter-municipal cooperation, the City of Nuremberg applied for funding from the Bavarian State Chancellery with the aim of setting up photovoltaic systems for the self-sufficiency of one hospital and one vocational school each in the cities of Sokod\u00e9 and An\u00e9ho and to carry out training measures on site. The funds were granted for the project period 15.07.2019 to 31.12.2020.<br \/>\nThe City of Nuremberg commissioned solvienta GmbH with the basic evaluation, planning, tendering for the procurement of materials, export support, search for local craft firms, construction management and final acceptance for the project: installation of four photovoltaic systems on two hospitals and two vocational schools in Sokod\u00e9 and An\u00e9ho.<\/p>\n<p><img loading=\"lazy\" decoding=\"async\" class=\"wp-image-2804 alignright\" src=\"https:\/\/www.solvienta.com\/wp-content\/uploads\/2019\/11\/togo_solvienta_3-768x1024.jpg\" alt=\"\" width=\"353\" height=\"470\" srcset=\"https:\/\/www.solvienta.com\/wp-content\/uploads\/2019\/11\/togo_solvienta_3-768x1024.jpg 768w, https:\/\/www.solvienta.com\/wp-content\/uploads\/2019\/11\/togo_solvienta_3-225x300.jpg 225w, https:\/\/www.solvienta.com\/wp-content\/uploads\/2019\/11\/togo_solvienta_3.jpg 780w\" sizes=\"(max-width: 353px) 100vw, 353px\" \/><\/p>\n<h2>Goals of the study<\/h2>\n<p>The aim of the study is to identify concrete possibilities and recommendations for the installation of 4 photovoltaic systems for the hospitals and vocational schools in Sokod\u00e9 and An\u00e9ho, as well as possible cooperation partners on site.<br \/>\nIn order to be able to make meaningful recommendations, the focus of the study is on a 9-day field study to determine the local conditions at the project locations in Togo.<\/p>","protected":false},"excerpt":{"rendered":"<p>Background Following a participatory selection process, the City of Nuremberg decided in 2014 to enter into a project partnership with the two municipalities Sokod\u00e9 and An\u00e9ho in Togo on the basis of Agenda 2030. Active associations exist for both cities in Nuremberg and there had already been contacts between the municipal administrations in the past.&hellip;<\/p>\n","protected":false},"author":3,"featured_media":2802,"parent":2503,"menu_order":0,"comment_status":"closed","ping_status":"closed","template":"","meta":{"footnotes":""},"class_list":["post-3064","page","type-page","status-publish","has-post-thumbnail","hentry"],"_links":{"self":[{"href":"https:\/\/www.solvienta.com\/en\/wp-json\/wp\/v2\/pages\/3064"}],"collection":[{"href":"https:\/\/www.solvienta.com\/en\/wp-json\/wp\/v2\/pages"}],"about":[{"href":"https:\/\/www.solvienta.com\/en\/wp-json\/wp\/v2\/types\/page"}],"author":[{"embeddable":true,"href":"https:\/\/www.solvienta.com\/en\/wp-json\/wp\/v2\/users\/3"}],"replies":[{"embeddable":true,"href":"https:\/\/www.solvienta.com\/en\/wp-json\/wp\/v2\/comments?post=3064"}],"version-history":[{"count":3,"href":"https:\/\/www.solvienta.com\/en\/wp-json\/wp\/v2\/pages\/3064\/revisions"}],"predecessor-version":[{"id":3088,"href":"https:\/\/www.solvienta.com\/en\/wp-json\/wp\/v2\/pages\/3064\/revisions\/3088"}],"up":[{"embeddable":true,"href":"https:\/\/www.solvienta.com\/en\/wp-json\/wp\/v2\/pages\/2503"}],"wp:featuredmedia":[{"embeddable":true,"href":"https:\/\/www.solvienta.com\/en\/wp-json\/wp\/v2\/media\/2802"}],"wp:attachment":[{"href":"https:\/\/www.solvienta.com\/en\/wp-json\/wp\/v2\/media?parent=3064"}],"curies":[{"name":"wp","href":"https:\/\/api.w.org\/{rel}","templated":true}]}}